{"id":270,"date":"2024-08-22T14:50:27","date_gmt":"2024-08-22T12:50:27","guid":{"rendered":"https:\/\/www.ccalovl.fr\/?page_id=270"},"modified":"2026-03-20T08:35:33","modified_gmt":"2026-03-20T07:35:33","slug":"evenements-du-mois-2","status":"publish","type":"page","link":"https:\/\/www.ccalovl.fr\/index.php\/evenements-du-mois-2\/","title":{"rendered":"Ev\u00e8nements du Mois"},"content":{"rendered":"\n<p><strong>Prochain Rendez vous : jeudi 9 Avril 2026:<\/strong><\/p>\n\n\n\n<p><strong>\u00ab\u00a0LICORNES\u00a0\u00bb<\/strong><\/p>\n\n\n\n<p><strong>Par Alexandra Skliar-Piguet<\/strong><\/p>\n\n\n\n<p><strong>Maison des Associations<\/strong><\/p>\n\n\n\n<p><strong>Salle Erasme<\/strong><\/p>\n\n\n\n<p><strong> 13h30 \u00e0 15h30<\/strong><\/p>\n\n\n\n<div data-wp-interactive=\"core\/file\" class=\"wp-block-file\"><object data-wp-bind--hidden=\"!state.hasPdfPreview\" hidden class=\"wp-block-file__embed\" data=\"https:\/\/www.ccalovl.fr\/wp-content\/uploads\/2026\/03\/2026.04_09_-affichette_Bestiaire_Licorne.pdf\" type=\"application\/pdf\" style=\"width:100%;height:600px\" aria-label=\"Contenu embarqu\u00e9 2026.04_09_ affichette_Bestiaire_Licorne.\"><\/object><a id=\"wp-block-file--media-34320638-f825-4d72-a88a-aad3ec48fb8e\" href=\"https:\/\/www.ccalovl.fr\/wp-content\/uploads\/2026\/03\/2026.04_09_-affichette_Bestiaire_Licorne.pdf\">2026.04_09_ affichette_Bestiaire_Licorne<\/a><a href=\"https:\/\/www.ccalovl.fr\/wp-content\/uploads\/2026\/03\/2026.04_09_-affichette_Bestiaire_Licorne.pdf\" class=\"wp-block-file__button wp-element-button\" download aria-describedby=\"wp-block-file--media-34320638-f825-4d72-a88a-aad3ec48fb8e\">T\u00e9l\u00e9charger<\/a><\/div>\n\n\n\n<p>Salle Erasme<\/p>\n\n\n\n<div class=\"wp-block-group is-nowrap is-layout-flex wp-container-core-group-is-layout-6c531013 wp-block-group-is-layout-flex\">\n<p><strong>Pr\u00e9sentation de l&rsquo;Ann\u00e9e 2025-2026:<\/strong> dates et sujets de conf\u00e9rences programm\u00e9es.<\/p>\n<\/div>\n\n\n\n<p>par Alexandra Skiar-Piguet.<\/p>\n\n\n\n<p>\u00c9v\u00e8nement occasionnel par des amis.<\/p>\n\n\n\n<p><strong><u class=\"\"><br>Dates AG &amp; conf\u00e9rences<\/u>&nbsp;(toujours des jeudis \/ salle disponible 13h30-16h \/ pour l\u2019AG&nbsp;<\/strong><strong>13h30-<\/strong><strong>17h)<\/strong><\/p>\n\n\n\n<div data-wp-interactive=\"core\/file\" class=\"wp-block-file\"><object data-wp-bind--hidden=\"!state.hasPdfPreview\" hidden class=\"wp-block-file__embed\" data=\"https:\/\/www.ccalovl.fr\/wp-content\/uploads\/2025\/09\/2025.2026_calendrier_conferences_stages-1.pdf\" type=\"application\/pdf\" style=\"width:100%;height:600px\" aria-label=\"Contenu embarqu\u00e9 2025.2026_calendrier_conf\u00e9rences_stages.\"><\/object><a id=\"wp-block-file--media-134bea4f-6474-4194-9d0e-13e8828dca4c\" href=\"https:\/\/www.ccalovl.fr\/wp-content\/uploads\/2025\/09\/2025.2026_calendrier_conferences_stages-1.pdf\">2025.2026_calendrier_conf\u00e9rences_stages<\/a><a href=\"https:\/\/www.ccalovl.fr\/wp-content\/uploads\/2025\/09\/2025.2026_calendrier_conferences_stages-1.pdf\" class=\"wp-block-file__button wp-element-button\" download aria-describedby=\"wp-block-file--media-134bea4f-6474-4194-9d0e-13e8828dca4c\">T\u00e9l\u00e9charger<\/a><\/div>\n\n\n\n<p>&#8211; 11 septembre : AGE + AGO + conf\u00e9rence&nbsp;<\/p>\n\n\n\n<p>&#8211; 2 octobre: Fra Angelico par Alexandra<\/p>\n\n\n\n<p>     &#8211;<strong> 6 novembre :  premier stage 2 s\u00e9ances sur le th\u00e8me architecture et trompe l&rsquo;oeil par Alexandra. matin 10H-11H45 et apr\u00e8s midi 13h30-15h45.<\/strong><\/p>\n\n\n\n<p>&#8211; 20 novembre: \u00ab\u00a0Matera site Unesco par Evelyne DRAHI\u00a0\u00bb L&rsquo;Empire du sommeil par Alexandra Salira-Piguet.<\/p>\n\n\n\n<p>&#8211; 4 d\u00e9cembre:Matera site Unesco par Evelyne DRAHI<\/p>\n\n\n\n<p>&#8211; 8 janvier: Jean-Baptiste Greuze: \u00ab\u00a0L&rsquo;enfance en Lumi\u00e8re \u00ab\u00a0.<\/p>\n\n\n\n<p>&#8211; 22 janvier: Les B\u00e9guines et les B\u00e9guinages site UNESCO du Nord de l&rsquo;Europe par Evelyne DRAHI.<\/p>\n\n\n\n<p>      <strong>&#8211; 12 f\u00e9vrier Second stage avec 2 s\u00e9ances par Alexandra: les Manuscrits enlumin\u00e9s .<\/strong><\/p>\n\n\n\n<p><\/p>\n\n\n\n<ul class=\"wp-block-list\">\n<li><strong>19 mars: <em>Conf\u00e9rence<\/em> par Alexandra sur le th\u00e8me \u00ab\u00a0Le jardin r\u00e9gulier\u00a0\u00bb.<\/strong><\/li>\n<\/ul>\n\n\n\n<p>&#8211; 9 avril: la licorne par Alexandra.<\/p>\n\n\n\n<p><strong><u class=\"\">Conf\u00e9rences<\/u> 2025-2026<\/strong><\/p>\n\n\n\n<p><strong>En relation avec des expositions<\/strong><\/p>\n\n\n\n<p><em><strong>&#8211; Georges de La Tour<\/strong> (1593-1652), entre ombre et lumi\u00e8re,&nbsp;<\/em>Mus\u00e9e Jacquemart-Andr\u00e9, Paris<\/p>\n\n\n\n<p><em><strong>&#8211; Fra Angelico<\/strong> (ca 1395-1455),&nbsp;<\/em>Palazzo Strozzi, Florence<\/p>\n\n\n\n<p><em><strong>&#8211; Peindre l\u2019enfance, Jean-Baptiste Greuze<\/strong> (1725-1805), l\u2019\u00e9l\u00e8ve mod\u00e8le,&nbsp;<\/em>Mus\u00e9e du Petit-Palais, Paris<\/p>\n\n\n\n<p><strong>&nbsp;<em>&#8211; La Licorne<\/em><\/strong><em>,&nbsp;<\/em>Mus\u00e9e du Moyen-\u00c2ge-Cluny, Paris<\/p>\n\n\n\n<p><strong>Autres th\u00e8mes<\/strong><\/p>\n\n\n\n<p><em><strong>&#8211;&nbsp;Les B\u00e9guines<\/strong> et les sites UNESCO du Nord de l\u2019Europe<\/em><\/p>\n\n\n\n<p><em><strong>&#8211; Matera <\/strong>: De la honte de l\u2019Italie en 1948 \u00e0 la Capitale Europ\u00e9enne de la culture en 2019<\/em><\/p>\n\n\n\n<p><em><strong>&#8211; Bestiaire m\u00e9di\u00e9val<\/strong> : autour du dragon<\/em><\/p>\n\n\n\n<p><em><strong>&#8211; Le jardin r\u00e9gulier<\/strong><\/em><\/p>\n\n\n\n<p><em><strong>&#8211;&nbsp;Architettura pict<\/strong>a,&nbsp;ou&nbsp;Architectures peintes en trompe-l\u2019\u0153il : vo\u00fbtes et grands d\u00e9cors plafonnants du baroque<\/em><\/p>\n\n\n\n<p><em><strong>&#8211; Autour de saint Bernard de Clairvaux<\/strong><\/em><\/p>\n\n\n\n<p>Modifi\u00e9 le 20\/03\/2026<\/p>\n\n\n\n<p><\/p>\n","protected":false},"excerpt":{"rendered":"<p>Prochain Rendez vous : jeudi 9 Avril 2026: \u00ab\u00a0LICORNES\u00a0\u00bb Par Alexandra Skliar-Piguet Maison des Associations Salle Erasme 13h30 \u00e0 15h30 Salle Erasme Pr\u00e9sentation de l&rsquo;Ann\u00e9e 2025-2026: dates et sujets de conf\u00e9rences programm\u00e9es. par Alexandra Skiar-Piguet. \u00c9v\u00e8nement occasionnel par des amis. Dates AG &amp; conf\u00e9rences&nbsp;(toujours des jeudis \/ salle disponible 13h30-16h \/ pour l\u2019AG&nbsp;13h30-17h) &#8211; 11 [&hellip;]<\/p>\n","protected":false},"author":1,"featured_media":0,"parent":0,"menu_order":0,"comment_status":"closed","ping_status":"closed","template":"","meta":{"footnotes":""},"class_list":["post-270","page","type-page","status-publish","hentry"],"_links":{"self":[{"href":"https:\/\/www.ccalovl.fr\/index.php\/wp-json\/wp\/v2\/pages\/270","targetHints":{"allow":["GET"]}}],"collection":[{"href":"https:\/\/www.ccalovl.fr\/index.php\/wp-json\/wp\/v2\/pages"}],"about":[{"href":"https:\/\/www.ccalovl.fr\/index.php\/wp-json\/wp\/v2\/types\/page"}],"author":[{"embeddable":true,"href":"https:\/\/www.ccalovl.fr\/index.php\/wp-json\/wp\/v2\/users\/1"}],"replies":[{"embeddable":true,"href":"https:\/\/www.ccalovl.fr\/index.php\/wp-json\/wp\/v2\/comments?post=270"}],"version-history":[{"count":73,"href":"https:\/\/www.ccalovl.fr\/index.php\/wp-json\/wp\/v2\/pages\/270\/revisions"}],"predecessor-version":[{"id":636,"href":"https:\/\/www.ccalovl.fr\/index.php\/wp-json\/wp\/v2\/pages\/270\/revisions\/636"}],"wp:attachment":[{"href":"https:\/\/www.ccalovl.fr\/index.php\/wp-json\/wp\/v2\/media?parent=270"}],"curies":[{"name":"wp","href":"https:\/\/api.w.org\/{rel}","templated":true}]}}