{"id":219,"date":"2024-07-08T16:45:43","date_gmt":"2024-07-08T14:45:43","guid":{"rendered":"https:\/\/www.ccalovl.fr\/?page_id=219"},"modified":"2025-09-16T09:40:28","modified_gmt":"2025-09-16T07:40:28","slug":"visite-conference","status":"publish","type":"page","link":"https:\/\/www.ccalovl.fr\/index.php\/visite-conference\/","title":{"rendered":"Visite &#8211; Conf\u00e9rence"},"content":{"rendered":"\n<p>Programme de visites-conf\u00e9rences sur 2025-2026.<\/p>\n\n\n\n<p>En projet pour 2025-2026:<\/p>\n\n\n\n<p><strong>Greuze au Petit Palais<\/strong><\/p>\n\n\n\n<p><strong>La Licorne au mus\u00e9e de Cluny<\/strong><\/p>\n\n\n\n<p>Pas de dates retenues \u00e0 ce jour.<\/p>\n\n\n\n<p>Pour <strong>Georges de la Tour \u00e0 Jacquemart-Andr\u00e9<\/strong> les r\u00e9servations sont tr\u00e8s compliqu\u00e9es.<\/p>\n\n\n\n<p><strong>R\u00e9alis\u00e9es sur 2024-2025:<\/strong><\/p>\n\n\n\n<p><strong>Visite &#8211; Conf\u00e9rence au Mus\u00e9e Jacquemart-Andr\u00e9<\/strong>:<strong> la collection Borgh\u00e8se.<\/strong><\/p>\n\n\n\n<p>158 Boulevard Haussmann 75008 PARIS.<\/p>\n\n\n\n<p><strong>Jos\u00e9 de Ribera au Petit Palais.<\/strong><\/p>\n\n\n\n<p>Ces conf\u00e9rences ont eu un franc succ\u00e8s.<\/p>\n\n\n\n<p><strong>Pour les visites -conf\u00e9rences sur 2025-2026:Contactez directement Alexandra d\u00e8s que la date sera connue. si vous \u00eates int\u00e9ress\u00e9s&#8230;.<\/strong><\/p>\n\n\n\n<p><a href=\"https:\/\/asparthistoire.fr\/\" data-type=\"page\" data-id=\"78\">Plus d&rsquo;information, cliquez sur ce lien.<\/a><\/p>\n\n\n\n<p>Mis \u00e0 Jour le 16\/09\/2025.<\/p>\n","protected":false},"excerpt":{"rendered":"<p>Programme de visites-conf\u00e9rences sur 2025-2026. En projet pour 2025-2026: Greuze au Petit Palais La Licorne au mus\u00e9e de Cluny Pas de dates retenues \u00e0 ce jour. Pour Georges de la Tour \u00e0 Jacquemart-Andr\u00e9 les r\u00e9servations sont tr\u00e8s compliqu\u00e9es. R\u00e9alis\u00e9es sur 2024-2025: Visite &#8211; Conf\u00e9rence au Mus\u00e9e Jacquemart-Andr\u00e9: la collection Borgh\u00e8se. 158 Boulevard Haussmann 75008 PARIS. [&hellip;]<\/p>\n","protected":false},"author":1,"featured_media":0,"parent":0,"menu_order":0,"comment_status":"closed","ping_status":"closed","template":"","meta":{"footnotes":""},"class_list":["post-219","page","type-page","status-publish","hentry"],"_links":{"self":[{"href":"https:\/\/www.ccalovl.fr\/index.php\/wp-json\/wp\/v2\/pages\/219","targetHints":{"allow":["GET"]}}],"collection":[{"href":"https:\/\/www.ccalovl.fr\/index.php\/wp-json\/wp\/v2\/pages"}],"about":[{"href":"https:\/\/www.ccalovl.fr\/index.php\/wp-json\/wp\/v2\/types\/page"}],"author":[{"embeddable":true,"href":"https:\/\/www.ccalovl.fr\/index.php\/wp-json\/wp\/v2\/users\/1"}],"replies":[{"embeddable":true,"href":"https:\/\/www.ccalovl.fr\/index.php\/wp-json\/wp\/v2\/comments?post=219"}],"version-history":[{"count":26,"href":"https:\/\/www.ccalovl.fr\/index.php\/wp-json\/wp\/v2\/pages\/219\/revisions"}],"predecessor-version":[{"id":544,"href":"https:\/\/www.ccalovl.fr\/index.php\/wp-json\/wp\/v2\/pages\/219\/revisions\/544"}],"wp:attachment":[{"href":"https:\/\/www.ccalovl.fr\/index.php\/wp-json\/wp\/v2\/media?parent=219"}],"curies":[{"name":"wp","href":"https:\/\/api.w.org\/{rel}","templated":true}]}}