{"id":207,"date":"2024-07-08T12:04:23","date_gmt":"2024-07-08T10:04:23","guid":{"rendered":"https:\/\/www.ccalovl.fr\/?page_id=207"},"modified":"2026-03-20T08:39:15","modified_gmt":"2026-03-20T07:39:15","slug":"la-conference-du-mois","status":"publish","type":"page","link":"https:\/\/www.ccalovl.fr\/index.php\/la-conference-du-mois\/","title":{"rendered":"La conf\u00e9rence du mois"},"content":{"rendered":"\n<figure class=\"wp-block-image alignleft size-full is-resized\"><img loading=\"lazy\" decoding=\"async\" width=\"225\" height=\"225\" src=\"https:\/\/www.ccalovl.fr\/wp-content\/uploads\/2024\/07\/calendrier.jpeg\" alt=\"\" class=\"wp-image-230\" style=\"width:160px;height:auto\" srcset=\"https:\/\/www.ccalovl.fr\/wp-content\/uploads\/2024\/07\/calendrier.jpeg 225w, https:\/\/www.ccalovl.fr\/wp-content\/uploads\/2024\/07\/calendrier-150x150.jpeg 150w\" sizes=\"auto, (max-width: 225px) 100vw, 225px\" \/><\/figure>\n\n\n\n<p><strong><strong><u>Th\u00e8mes d\u00e9j\u00e0 programm\u00e9s<\/u><\/strong> :<\/strong>Salle Erasme Maison des Associations Orl\u00e9ans 13H30-16H.<\/p>\n\n\n\n<p>Pour les stages sur la journ\u00e9e:<\/p>\n\n\n\n<p>Apr\u00e8s midi:13H30-15H45 et 16H00-17H45.<\/p>\n\n\n\n<p><strong>A vos agendas<\/strong><\/p>\n\n\n\n<p><strong>Prochaine Conf\u00e9rence: Jeudi 9 Avril2026.<\/strong><\/p>\n\n\n\n<p><strong>\u00ab\u00a0LICORNES\u00a0\u00bb<\/strong><\/p>\n\n\n\n<p><strong>par Alexandra Skliar-Piguet<\/strong><\/p>\n\n\n\n<p><strong>Maison des Associations<\/strong><\/p>\n\n\n\n<p><strong>Salle Erasme<\/strong><\/p>\n\n\n\n<p><strong>: 13h30-15h30<\/strong><\/p>\n\n\n\n<p><strong>.<\/strong><\/p>\n\n\n\n<div data-wp-interactive=\"core\/file\" class=\"wp-block-file\"><object data-wp-bind--hidden=\"!state.hasPdfPreview\" hidden class=\"wp-block-file__embed\" data=\"https:\/\/www.ccalovl.fr\/wp-content\/uploads\/2026\/03\/2026.04_09_-affichette_Bestiaire_Licorne-1.pdf\" type=\"application\/pdf\" style=\"width:100%;height:600px\" aria-label=\"Contenu embarqu\u00e9 2026.04_09_ affichette_Bestiaire_Licorne.\"><\/object><a id=\"wp-block-file--media-c1d02b1d-45ee-4606-a2ab-e2f0c9478c46\" href=\"https:\/\/www.ccalovl.fr\/wp-content\/uploads\/2026\/03\/2026.04_09_-affichette_Bestiaire_Licorne-1.pdf\">2026.04_09_ affichette_Bestiaire_Licorne<\/a><a href=\"https:\/\/www.ccalovl.fr\/wp-content\/uploads\/2026\/03\/2026.04_09_-affichette_Bestiaire_Licorne-1.pdf\" class=\"wp-block-file__button wp-element-button\" download aria-describedby=\"wp-block-file--media-c1d02b1d-45ee-4606-a2ab-e2f0c9478c46\">T\u00e9l\u00e9charger<\/a><\/div>\n\n\n\n<p><strong><u class=\"\"><br>Dates AG &amp; conf\u00e9rences<\/u>&nbsp;(toujours des jeudis \/ salle disponible 13h30-16h 00. <\/strong>(17h00 si AG)<\/p>\n\n\n\n<div data-wp-interactive=\"core\/file\" class=\"wp-block-file\"><object data-wp-bind--hidden=\"!state.hasPdfPreview\" hidden class=\"wp-block-file__embed\" data=\"https:\/\/www.ccalovl.fr\/wp-content\/uploads\/2025\/09\/2025.2026_calendrier_conferences_stages.pdf\" type=\"application\/pdf\" style=\"width:100%;height:600px\" aria-label=\"Contenu embarqu\u00e9 2025.2026_calendrier_conf\u00e9rences_stages.\"><\/object><a id=\"wp-block-file--media-eb2559eb-cb30-45ac-b9c0-d506351894a0\" href=\"https:\/\/www.ccalovl.fr\/wp-content\/uploads\/2025\/09\/2025.2026_calendrier_conferences_stages.pdf\">2025.2026_calendrier_conf\u00e9rences_stages<\/a><a href=\"https:\/\/www.ccalovl.fr\/wp-content\/uploads\/2025\/09\/2025.2026_calendrier_conferences_stages.pdf\" class=\"wp-block-file__button wp-element-button\" download aria-describedby=\"wp-block-file--media-eb2559eb-cb30-45ac-b9c0-d506351894a0\">T\u00e9l\u00e9charger<\/a><\/div>\n\n\n\n<p>&#8211; 11 septembre : AGE + AGO + conf\u00e9rence: Georges de la Tour&nbsp; par Alexandra.<\/p>\n\n\n\n<p>&#8211; 2 octobre: Fra Angelico par Alexandra.<\/p>\n\n\n\n<p>&#8211; 6 Novembre:Stage 10H-11-45 et 13H30-15H45 Architecture et perspective par Alexandra.<\/p>\n\n\n\n<p> 20 novembre: L&#8217;empire du sommeil par Alexandra.<\/p>\n\n\n\n<p>&#8211; 4 d\u00e9cembre: Matera site Unesco par Evelyne DRAHI.<\/p>\n\n\n\n<p>&#8211; 8 janvier:Jean-Baptiste Greuze par Alexandra-Skliar-Piguet: \u00ab\u00a0L&rsquo;enfance en Lumi\u00e8re\u00a0\u00bb.<\/p>\n\n\n\n<p>22 janvier:Les b\u00e9guines et les B\u00e9guines de l&rsquo;Europe du Nord inscrits \u00e0 l&rsquo;UNESCO par \u00c9velyne Drahi.<\/p>\n\n\n\n<p>&#8211; 12 f\u00e9vrier: Manuscrits enlumin\u00e9s; Le livre de la chasse de Gaston Phoebus. 13H30-15H45 par Alexandra.<\/p>\n\n\n\n<p><\/p>\n\n\n\n<p>-19 mars: 13h30-15h45 \u00ab\u00a0Le jardin R\u00e9gulier\u00a0\u00bb par Alexandra.<\/p>\n\n\n\n<p>&#8211; 9 avril: La Licorne par Alexandra.<\/p>\n\n\n\n<p><strong><u class=\"\">Conf\u00e9rences<\/u><\/strong>:<\/p>\n\n\n\n<p><strong>En relation avec des expositions<\/strong><\/p>\n\n\n\n<p><em><strong>&#8211; Georges de La Tour<\/strong> (1593-1652), entre ombre et lumi\u00e8re,&nbsp;<\/em>Mus\u00e9e Jacquemart-Andr\u00e9, Paris<\/p>\n\n\n\n<p><em><strong>&#8211; Fra Angelico<\/strong> (ca 1395-1455),&nbsp;<\/em>Palazzo Strozzi, Florence<\/p>\n\n\n\n<p><em><strong>&#8211; Peindre l\u2019enfance, Jean-Baptiste Greuze<\/strong> (1725-1805), l\u2019\u00e9l\u00e8ve mod\u00e8le,&nbsp;<\/em>Mus\u00e9e du Petit-Palais, Paris<\/p>\n\n\n\n<p><strong>&nbsp;<em>&#8211; La Licorne<\/em><\/strong><em>,&nbsp;<\/em>Mus\u00e9e du Moyen-\u00c2ge-Cluny, Paris<\/p>\n\n\n\n<p><strong>Autres th\u00e8mes<\/strong><\/p>\n\n\n\n<p><em><strong>&#8211;&nbsp;Les B\u00e9guines<\/strong> et les sites UNESCO du Nord de l\u2019Europe<\/em><\/p>\n\n\n\n<p><em><strong>&#8211; Matera <\/strong>: De la honte de l\u2019Italie en 1948 \u00e0 la Capitale Europ\u00e9enne de la culture en 2019<\/em><\/p>\n\n\n\n<p><em><strong>&#8211; Bestiaire m\u00e9di\u00e9val<\/strong> : autour du dragon<\/em><\/p>\n\n\n\n<p><em><strong>&#8211; Le jardin r\u00e9gulier<\/strong><\/em><\/p>\n\n\n\n<p><em><strong>&#8211;&nbsp;Architettura pict<\/strong>a,&nbsp;ou&nbsp;Architectures peintes en trompe-l\u2019\u0153il : vo\u00fbtes et grands d\u00e9cors plafonnants du baroque<\/em><\/p>\n\n\n\n<p><strong>Conf\u00e9rences r\u00e9alis\u00e9es en 2026-2027:<\/strong><\/p>\n\n\n\n<p>Jeudi 22 Janvier 2026 \u00a0\u00bb Les B\u00e9guines et les B\u00e9guinages du Nord de l&rsquo;Europe inscrits au Patrimoine Mondial de l&rsquo;Unesco par Evelyne DRAHI.<\/p>\n\n\n\n<p>Jeudi 8 Janvier 2026: Jean Baptiste Greuze par Alexandra Skliar-Piguet-Piguet \u00a0\u00bb l&rsquo;Enfance en Lumi\u00e8re\u00a0\u00bb en relation avec l&rsquo;exposition du Mus\u00e9e Marmottan <\/p>\n\n\n\n<p><strong>Conf\u00e9rences r\u00e9alis\u00e9es en 2024-2025<\/strong>:<\/p>\n\n\n\n<p>Jeudi 4 D\u00e9cembre 2025: Matera: De la honte de l&rsquo;Italie \u00e0 la Capitale Zurop\u00e9enne de la culture site Unesco par Evelyne DRAHI.<\/p>\n\n\n\n<p> Jeudi 20 Novembre 2025: L&rsquo;Empire du sommeil par Alexandra Skliar-Piguet en relation avec l&rsquo;exposition au Mus\u00e9e Marmottan-Monet<\/p>\n\n\n\n<p>Jeudi 6 Novembre 2025: stage d&rsquo;une journ\u00e9e sur le th\u00e8me de l&rsquo;architecture peinte et du trompe l&rsquo;oeil par Alexandra Skliar-Piguet.<\/p>\n\n\n\n<p>Jeudi 2 Octobre 205: Fra Angelico par Alexandra Skliar-Piguet: en relation avec 2 expositions temporaires \u00e0 Florence.<\/p>\n\n\n\n<p>Jeudi 11 Septembre 2025<\/p>\n\n\n\n<p>AG de l&rsquo;Association suivie<\/p>\n\n\n\n<p>Conf\u00e9rence de rentr\u00e9e par Alexandra Skliar-Piguet: <em><strong>Georges de la Tour entre<\/strong> <\/em><strong><em>ombre et lumi\u00e8re.<\/em><\/strong><\/p>\n\n\n\n<p>Mercredi 14 Mai 2025.<\/p>\n\n\n\n<p><strong><em>La M\u00e9decine est elle un art ou une science<\/em><\/strong>. Par le Docteur Eric Drahi, docteur en m\u00e9decine.<\/p>\n\n\n\n<p><em>Mercredi 23 avril 2025<\/em><br><strong><em>\u201cLA CIVILISATION NURAGIQUE EN SARDAIGNE \u00c0 L&rsquo;\u00c2GE DU BRONZE\u00a0\u00bb<\/em><\/strong><em>&nbsp;<\/em><em>par \u00c9velyne Drahi, docteur en m\u00e9decine<\/em><\/p>\n\n\n\n<p><em>Mercredi 5 mars 2025<\/em><br><strong><em>\u201cARTEMISIA GENTILESCHI (1593-1656)\u201d<\/em><\/strong><strong><em>&nbsp;<\/em><\/strong><em>par Alexandra Skliar-Piguet, Historienne de l&rsquo;Art<\/em><\/p>\n\n\n\n<p><\/p>\n\n\n\n<p><em>Mercredi 5 f\u00e9vrier 2025&nbsp;<\/em><br><strong><em>\u201cJOS\u00c9 DE RIBERA (1591-1652)&nbsp;: T\u00c9N\u00c8BRES &amp; LUMI\u00c8RE\u201d<\/em><\/strong><strong><em>&nbsp;<\/em><\/strong><em>par Alexandra Skliar-Piguet, Historienne de l&rsquo;Art<\/em><\/p>\n\n\n\n<p><em>Mercredi 22 janvier 2025&nbsp;<\/em><br><strong><em>\u00ab\u00a0HISTOIRE ET MYTHES DE L\u2019ORDRE DES TEMPLIERS ET DE JACQUES DE MOLAY&nbsp;: DES CROISADES AU B\u00dbCHER\u201d<\/em><\/strong><em>&nbsp;<\/em><em>par G\u00e9rard Poulnot, Agr\u00e9g\u00e9 d\u2019\u00c9conomie Gestion, retrait\u00e9 de l\u2019Universit\u00e9 d\u2019Orl\u00e9ans<\/em><\/p>\n\n\n\n<p><em>Mercredi 8 janvier 2025&nbsp;<\/em><br><strong><em>\u201c\u00c0 CHEVAL&nbsp;: LE PORTRAIT \u00c9QUESTRE DANS LA FRANCE DE LA RENAISSANCE\u201d<\/em><\/strong><strong><em>&nbsp;<\/em><\/strong><em>par Alexandra Skliar-Piguet, Historienne de l&rsquo;Art<\/em><\/p>\n\n\n\n<p><em>Mercredi 4 d\u00e9cembre 2024&nbsp;<\/em><br><strong><em>\u201cPIERRE DE RONSARD (1524-1585)&nbsp;: IMAGES D&rsquo;UN PO\u00c8TE du XVIe au XXe si\u00e8cle\u201d<\/em><\/strong><em>&nbsp;<\/em><em>par Alexandra Skliar-Piguet, Historienne de l&rsquo;Art<\/em><\/p>\n\n\n\n<p><em>Mercredi 6 novembre 2024<\/em><br><strong><em>\u201cCHEFS-D&rsquo;\u0152UVRE DE LA COLLECTION BORGH\u00c8SE exposition au MUS\u00c9E JACQUEMART-ANDR\u00c9\u201d<\/em><\/strong><strong><em>&nbsp;<\/em><\/strong><em>par Alexandra Skliar-Piguet, Historienne de l&rsquo;Art<\/em><\/p>\n\n\n\n<p><em>Mercredi 16 octobre 2024<\/em><br><strong><em>\u201cCHEFS-D&rsquo;\u0152UVRE DE LA COLLECTION TORLONIA \u00e0 ROME, exposition au MUS\u00c9E DU LOUVRE\u201d<\/em><\/strong><strong><em>&nbsp;<\/em><\/strong><em>par Alexandra Skliar-Piguet, Historienne de l&rsquo;Art<\/em><\/p>\n\n\n\n<p>Page actualis\u00e9e le 20\/03\/2026<\/p>\n\n\n\n<p><\/p>\n","protected":false},"excerpt":{"rendered":"<p>Th\u00e8mes d\u00e9j\u00e0 programm\u00e9s :Salle Erasme Maison des Associations Orl\u00e9ans 13H30-16H. Pour les stages sur la journ\u00e9e: Apr\u00e8s midi:13H30-15H45 et 16H00-17H45. A vos agendas Prochaine Conf\u00e9rence: Jeudi 9 Avril2026. \u00ab\u00a0LICORNES\u00a0\u00bb par Alexandra Skliar-Piguet Maison des Associations Salle Erasme : 13h30-15h30 . Dates AG &amp; conf\u00e9rences&nbsp;(toujours des jeudis \/ salle disponible 13h30-16h 00. (17h00 si AG) &#8211; [&hellip;]<\/p>\n","protected":false},"author":1,"featured_media":0,"parent":0,"menu_order":0,"comment_status":"closed","ping_status":"closed","template":"","meta":{"footnotes":""},"class_list":["post-207","page","type-page","status-publish","hentry"],"_links":{"self":[{"href":"https:\/\/www.ccalovl.fr\/index.php\/wp-json\/wp\/v2\/pages\/207","targetHints":{"allow":["GET"]}}],"collection":[{"href":"https:\/\/www.ccalovl.fr\/index.php\/wp-json\/wp\/v2\/pages"}],"about":[{"href":"https:\/\/www.ccalovl.fr\/index.php\/wp-json\/wp\/v2\/types\/page"}],"author":[{"embeddable":true,"href":"https:\/\/www.ccalovl.fr\/index.php\/wp-json\/wp\/v2\/users\/1"}],"replies":[{"embeddable":true,"href":"https:\/\/www.ccalovl.fr\/index.php\/wp-json\/wp\/v2\/comments?post=207"}],"version-history":[{"count":69,"href":"https:\/\/www.ccalovl.fr\/index.php\/wp-json\/wp\/v2\/pages\/207\/revisions"}],"predecessor-version":[{"id":639,"href":"https:\/\/www.ccalovl.fr\/index.php\/wp-json\/wp\/v2\/pages\/207\/revisions\/639"}],"wp:attachment":[{"href":"https:\/\/www.ccalovl.fr\/index.php\/wp-json\/wp\/v2\/media?parent=207"}],"curies":[{"name":"wp","href":"https:\/\/api.w.org\/{rel}","templated":true}]}}